{"id":2,"date":"2012-06-06T07:05:52","date_gmt":"2012-06-06T07:05:52","guid":{"rendered":"http:\/\/www.woges-hettstedt.de\/?page_id=2"},"modified":"2026-02-05T10:17:51","modified_gmt":"2026-02-05T10:17:51","slug":"beispiel-seite","status":"publish","type":"page","link":"http:\/\/www.woges-hettstedt.de\/","title":{"rendered":"Startseite"},"content":{"rendered":"<p><img loading=\"lazy\" class=\"aligncenter wp-image-689\" src=\"http:\/\/www.woges-hettstedt.de\/wp-content\/uploads\/2021\/11\/Logo-Wobau-Hettstedt-leer.png\" alt=\"\" width=\"283\" height=\"169\" srcset=\"http:\/\/www.woges-hettstedt.de\/wp-content\/uploads\/2021\/11\/Logo-Wobau-Hettstedt-leer.png 2586w, http:\/\/www.woges-hettstedt.de\/wp-content\/uploads\/2021\/11\/Logo-Wobau-Hettstedt-leer-300x179.png 300w, http:\/\/www.woges-hettstedt.de\/wp-content\/uploads\/2021\/11\/Logo-Wobau-Hettstedt-leer-768x459.png 768w, http:\/\/www.woges-hettstedt.de\/wp-content\/uploads\/2021\/11\/Logo-Wobau-Hettstedt-leer-1024x612.png 1024w\" sizes=\"(max-width: 283px) 100vw, 283px\" \/><\/p>\n<h3 style=\"color: #cc6600; text-align: center;\"><em><span style=\"font-size: 36pt;\"><strong>Herzlich\u00a0Willkommen\u00a0bei der\u00a0 \u00a0Wohnungsgesellschaft Hettstedt mbH\u00a0<\/strong><\/span><\/em><\/h3>\n<h3 style=\"color: #cc6600; text-align: center;\"><em><span style=\"font-size: 36pt;\"><strong> Ihrem Partner f\u00fcr sicheres und preiswertes Wohnen<\/strong><\/span><\/em><\/h3>\n<p><img loading=\"lazy\" class=\"aligncenter size-full wp-image-756\" src=\"http:\/\/www.woges-hettstedt.de\/wp-content\/uploads\/2022\/02\/Brosch\u00fcre-allg..png\" alt=\"\" width=\"904\" height=\"1225\" srcset=\"http:\/\/www.woges-hettstedt.de\/wp-content\/uploads\/2022\/02\/Brosch\u00fcre-allg..png 904w, http:\/\/www.woges-hettstedt.de\/wp-content\/uploads\/2022\/02\/Brosch\u00fcre-allg.-221x300.png 221w, http:\/\/www.woges-hettstedt.de\/wp-content\/uploads\/2022\/02\/Brosch\u00fcre-allg.-768x1041.png 768w, http:\/\/www.woges-hettstedt.de\/wp-content\/uploads\/2022\/02\/Brosch\u00fcre-allg.-756x1024.png 756w\" sizes=\"(max-width: 904px) 100vw, 904px\" \/><\/p>\n<h3 style=\"color: #cc6600; text-align: center;\"><\/h3>\n<p><img loading=\"lazy\" class=\"aligncenter wp-image-688\" src=\"http:\/\/www.woges-hettstedt.de\/wp-content\/uploads\/2021\/11\/vordere-Ansicht.png\" alt=\"\" width=\"531\" height=\"482\" srcset=\"http:\/\/www.woges-hettstedt.de\/wp-content\/uploads\/2021\/11\/vordere-Ansicht.png 1399w, http:\/\/www.woges-hettstedt.de\/wp-content\/uploads\/2021\/11\/vordere-Ansicht-300x272.png 300w, http:\/\/www.woges-hettstedt.de\/wp-content\/uploads\/2021\/11\/vordere-Ansicht-768x696.png 768w, http:\/\/www.woges-hettstedt.de\/wp-content\/uploads\/2021\/11\/vordere-Ansicht-1024x928.png 1024w\" sizes=\"(max-width: 531px) 100vw, 531px\" \/><\/p>\n<h2 style=\"text-align: center;\"><strong><u>MIETERINFORMATION<\/u><\/strong><\/h2>\n<h2 class=\"p1\" style=\"text-align: center;\">Sehr geehrte Mieterinnen und Mieter,<\/h2>\n<h2 style=\"text-align: center;\"><strong>unsere Gesch\u00e4ftsstelle bleibt am <\/strong><\/h2>\n<h2 style=\"text-align: center;\"><strong><span style=\"color: #ff0000;\">Freitag, den 30.05.2025<\/span> <span style=\"color: #ff0000;\">geschlossen.<\/span><\/strong><\/h2>\n<p style=\"text-align: center;\">Ab dem 02.06.2025 sind wir wieder zu den gewohnten Zeiten f\u00fcr Sie da.<\/p>\n<h4 style=\"text-align: center;\">Sehr geehrte Mieterinnen und Mieter, sehr geehrte Besucher unserer Gesch\u00e4ftsstelle,<\/h4>\n<h4 style=\"text-align: center;\">wir m\u00f6chten h\u00f6flich darauf aufmerksam machen, dass pers\u00f6nliche Gespr\u00e4che mit Interessenten und Mietern nur nach vorheriger Terminabsprache m\u00f6glich sind.<\/h4>\n<h4 style=\"text-align: center;\">Wir bitten Sie Ihre Anliegen per Telefon an Ihre jeweiligen Ansprechpartner oder an unsere Zentrale 03476 &#8211; 8596 0<\/h4>\n<h4 style=\"text-align: center;\">oder per E-Mail info@woges-hettstedt.de zu richten.<\/h4>\n<h2 style=\"text-align: center;\"><span class=\"s3\">Wir bitten um Ihr Verst\u00e4ndnis!<\/span><\/h2>\n<p style=\"text-align: center;\"><strong>Wohnungsgesellschaft Hettstedt mbH<\/strong><br \/>\nUntere Bahnhofstr. 20<br \/>\n06333 Hettstedt<\/p>\n<p style=\"text-align: center;\">Telefon: 03476 \/ 85 96 0<br \/>\nTelefax: 03476 \/ 85 96-13<\/p>\n<p style=\"text-align: center;\"><a href=\"mailto:info@woges-hettstedt.de\">info@woges-hettstedt.de<\/a><\/p>\n<h3><\/h3>\n<h3 style=\"text-align: center;\"><strong>\u00d6ffnungszeiten der Gesch\u00e4ftsstelle<\/strong><\/h3>\n<p><img loading=\"lazy\" class=\"aligncenter size-full wp-image-763\" src=\"http:\/\/www.woges-hettstedt.de\/wp-content\/uploads\/2022\/02\/\u00d6ffnungszeiten1.docx.jpg\" alt=\"\" width=\"574\" height=\"129\" srcset=\"http:\/\/www.woges-hettstedt.de\/wp-content\/uploads\/2022\/02\/\u00d6ffnungszeiten1.docx.jpg 574w, http:\/\/www.woges-hettstedt.de\/wp-content\/uploads\/2022\/02\/\u00d6ffnungszeiten1.docx-300x67.jpg 300w\" sizes=\"(max-width: 574px) 100vw, 574px\" \/><\/p>\n<h3><\/h3>\n<h3 style=\"text-align: center;\"><\/h3>\n<p style=\"text-align: center;\">Telefonisch sind wir zu folgenden Gesch\u00e4ftszeiten zu erreichen:<\/p>\n<p><img loading=\"lazy\" class=\"aligncenter size-full wp-image-765\" src=\"http:\/\/www.woges-hettstedt.de\/wp-content\/uploads\/2022\/02\/Sprechzeiten12.jpg\" alt=\"\" width=\"566\" height=\"183\" srcset=\"http:\/\/www.woges-hettstedt.de\/wp-content\/uploads\/2022\/02\/Sprechzeiten12.jpg 566w, http:\/\/www.woges-hettstedt.de\/wp-content\/uploads\/2022\/02\/Sprechzeiten12-300x97.jpg 300w\" sizes=\"(max-width: 566px) 100vw, 566px\" \/><\/p>\n<p style=\"text-align: left;\"><strong>Au\u00dferhalb der Gesch\u00e4ftszeiten sind nachfolgende Handwerkerfirmen f\u00fcr Havarief\u00e4lle als Notdienst zust\u00e4ndig:<br \/>\n<\/strong>(Wasserrohrbruch, Gasgeruch, Stromausfall in der gesamten Wohnung oder im Treppenhaus, schwere Verstopfungen im Sanit\u00e4r- und Abwasserbereich, Ausfall der W\u00e4rmeversorgung)<\/p>\n<table class=\" alignleft\" style=\"height: 536px;\" border=\"0\" summary=\"Au\u00dferhalb der Gesch\u00e4ftszeiten sind nachfolgende Handwerkerfirmen f\u00fcr Havarief\u00e4lle als Notdienst zust\u00e4ndig\" width=\"1028\" cellspacing=\"1\" cellpadding=\"0\">\n<tbody>\n<tr>\n<th style=\"width: 516px;\" scope=\"col\" width=\"50%\">Verstopfungen und Kanalreinigungen<\/th>\n<th style=\"width: 519px;\" scope=\"col\" width=\"50%\">Havarie im Bereich Fernw\u00e4rme- Erdgas u. Trinkwasserversorgung<\/th>\n<\/tr>\n<tr>\n<td style=\"width: 516px;\" scope=\"col\">\n<ol>\n<li>MIDEWA Hettstedt \/ Mansfeld<br \/>\nKanal- und Rohrverstopfungen Abwasser<br \/>\n0170 \/ 578 77 11<\/li>\n<li>Firma Erwin\/ Herr Kesselhut<br \/>\n(034772 \/ 2 68 04)<br \/>\n0173 \/ 6 40 18 31<\/li>\n<li style=\"text-align: justify;\">Firma Rohrfrei &#8211; Herr Heinemann<\/li>\n<\/ol>\n<p style=\"text-align: justify; padding-left: 30px;\">0176 \/ 38 09 12 88<\/p>\n<\/td>\n<td style=\"width: 519px;\" scope=\"col\">\n<ul>\n<li>Stadtwerke Hettstedt<br \/>\nBetriebsf\u00fchrungsbereitschaft unter<br \/>\nMobil: 0173 \u2013 5 64 40 13<\/li>\n<\/ul>\n<\/td>\n<\/tr>\n<tr>\n<th style=\"width: 516px;\" scope=\"col\">\u00a0Havarie in der Stromversorgung<\/th>\n<th style=\"width: 519px;\" scope=\"col\">Havarie im Bereich Heizung\/Sanit\u00e4r<\/th>\n<\/tr>\n<tr>\n<td style=\"width: 516px;\" scope=\"col\">\u00a0Firma KEAH GmbH &#8211;\u00a0<strong>nur in geraden Kalenderwochen<\/strong><\/p>\n<p>03476 &#8211; 93 66 74<br \/>\n0176 &#8211; 9 89 34 717<\/p>\n<p>Firma S &amp; B Elektrobau GmbH- <strong>nur in ungeraden Kalenderwochen<\/strong><\/p>\n<p>0160 \/ 411 45 4<\/td>\n<td style=\"width: 519px;\" scope=\"col\">\n<ol>\n<li>I. II. WK \/ Altstadt<br \/>\nFirma Frohberg\u00a0 \u00a0 \u00a0 \u00a0 \u00a0 \u00a0 \u00a0 \u00a0 \u00a0 \u00a0 \u00a0 \u00a0 \u00a0 \u00a0\u00a0Fa. BMS Rockmann &#8211; <strong>nur II.WK<\/strong><br \/>\nTelefon: 03476 \u2013 20 07 11\u00a0 \u00a0 \u00a0 \u00a0 \u00a0 03473 &#8211; 87 04 0<br \/>\nMobil:\u00a00172 \u2013 3 43 68 06\u00a0 \u00a0 \u00a0 \u00a0 \u00a0 \u00a0 0174 &#8211; 34 33 002<\/li>\n<li>III. IV. WK<br \/>\nFirma Alf Hahn<br \/>\nTelefon: 034781 \u2013 20 514<br \/>\nMobil:\u00a0\u00a0\u00a0\u00a00173 &#8211; 5 72 58 34<\/li>\n<\/ol>\n<\/td>\n<\/tr>\n<\/tbody>\n<\/table>\n<p style=\"text-align: left;\">Diese Firmen sind berechtigt, Notreparaturen und St\u00f6rungsbeseitigungen infolge von Havarief\u00e4llen durchzuf\u00fchren.<br \/>\n<strong>Der Notdienst <\/strong><strong>darf nur dann in Anspruch genommen werden, wenn eine Havarie oder Versorgungsausfall vorliegt in deren Folge bei versp\u00e4tetem Eingreifen erhebliche Sch\u00e4den auftreten w\u00fcrden.<\/strong><br \/>\nWir weisen vorsorglich darauf hin, dass bei Inanspruchnahme von Handwerkerleistungen au\u00dferhalb der Gesch\u00e4ftszeiten der Wohnungsgesellschaft der Mieter als Auftraggeber fungiert. Werden die Handwerker wegen Bagatellsch\u00e4den bestellt, deren Beseitigung auch w\u00e4hrend der normalen Gesch\u00e4ftszeiten erledigt werden k\u00f6nnen, bezahlt der Mieter diese Leistungen selbst.<\/p>\n<h3 style=\"text-align: left;\">Notdienste\u00a0 Landkreis Mansfelder Land<\/h3>\n<p style=\"text-align: left;\">Allgemeiner Hinweis: In der &#8220; Mitteldeutschen Zeitung&#8220; sind die Notrufe und die Telefonnummern der verschiedenen St\u00f6rungsdienste ver\u00f6ffentlich, ebenso monatlich in den &#8222;Hettstedter Nachrichten&#8220; und dem &#8222;Wochenspiegel&#8220;.<\/p>\n<table class=\" alignleft\" style=\"height: 186px; width: 656px;\" border=\"0\" width=\"610\" cellspacing=\"1\" cellpadding=\"0\">\n<tbody>\n<tr style=\"height: 65px;\">\n<th style=\"height: 65px; width: 650px;\" colspan=\"4\" scope=\"col\">\n<h3>Notdienste \/ Telefon<\/h3>\n<\/th>\n<\/tr>\n<tr style=\"height: 26px;\">\n<th style=\"height: 26px; width: 218px;\" scope=\"col\">Polizei, Unfall<\/th>\n<td style=\"height: 26px; width: 57px;\" scope=\"col\" align=\"center\">110<\/td>\n<td style=\"height: 26px; width: 176px;\" scope=\"col\">Leitstelle des Landkreises<\/td>\n<td style=\"height: 26px; width: 190px;\" scope=\"col\">(03464) 56 98 89 10<\/td>\n<\/tr>\n<tr style=\"height: 63px;\">\n<th style=\"height: 63px; width: 218px;\" scope=\"col\">Rettungsdienst, Feuerwehr<\/th>\n<td style=\"height: 63px; width: 57px;\" scope=\"col\" align=\"center\">112<\/td>\n<td style=\"height: 63px; width: 176px;\" scope=\"col\">Polizeirevier Hettstedt<\/td>\n<td style=\"height: 63px; width: 190px;\" scope=\"col\">(03476) 85 60<\/td>\n<\/tr>\n<\/tbody>\n<\/table>\n<p style=\"text-align: left;\">Bitte beachten Sie die aktuellen Informationen und Aush\u00e4nge in ihrem Wohnhaus.<\/p>\n<p style=\"text-align: left;\"><span style=\"color: #000000; font-family: Verdana, Arial, Helvetica, sans-serif; font-size: 11px; line-height: normal;\">\u00a0<\/span><\/p>\n","protected":false},"excerpt":{"rendered":"<p>Herzlich\u00a0Willkommen\u00a0bei der\u00a0 \u00a0Wohnungsgesellschaft Hettstedt mbH\u00a0 Ihrem Partner f\u00fcr sicheres und preiswertes Wohnen MIETERINFORMATION Sehr geehrte Mieterinnen und Mieter, unsere Gesch\u00e4ftsstelle bleibt am Freitag, den 30.05.2025 geschlossen. Ab dem 02.06.2025 sind &hellip; <\/p>\n","protected":false},"author":1,"featured_media":0,"parent":0,"menu_order":0,"comment_status":"closed","ping_status":"closed","template":"","meta":[],"_links":{"self":[{"href":"http:\/\/www.woges-hettstedt.de\/index.php?rest_route=\/wp\/v2\/pages\/2"}],"collection":[{"href":"http:\/\/www.woges-hettstedt.de\/index.php?rest_route=\/wp\/v2\/pages"}],"about":[{"href":"http:\/\/www.woges-hettstedt.de\/index.php?rest_route=\/wp\/v2\/types\/page"}],"author":[{"embeddable":true,"href":"http:\/\/www.woges-hettstedt.de\/index.php?rest_route=\/wp\/v2\/users\/1"}],"replies":[{"embeddable":true,"href":"http:\/\/www.woges-hettstedt.de\/index.php?rest_route=%2Fwp%2Fv2%2Fcomments&post=2"}],"version-history":[{"count":68,"href":"http:\/\/www.woges-hettstedt.de\/index.php?rest_route=\/wp\/v2\/pages\/2\/revisions"}],"predecessor-version":[{"id":1357,"href":"http:\/\/www.woges-hettstedt.de\/index.php?rest_route=\/wp\/v2\/pages\/2\/revisions\/1357"}],"wp:attachment":[{"href":"http:\/\/www.woges-hettstedt.de\/index.php?rest_route=%2Fwp%2Fv2%2Fmedia&parent=2"}],"curies":[{"name":"wp","href":"https:\/\/api.w.org\/{rel}","templated":true}]}}